{"id":2075,"date":"2019-05-14T11:10:28","date_gmt":"2019-05-14T11:10:28","guid":{"rendered":"http:\/\/www.unitedevents.lt\/apie-mus\/"},"modified":"2020-07-28T15:11:04","modified_gmt":"2020-07-28T15:11:04","slug":"apie-mus","status":"publish","type":"page","link":"https:\/\/unitedevents.lt\/en\/apie-mus\/","title":{"rendered":"ABOUT"},"content":{"rendered":"<p>[et_pb_section fb_built=&#8221;1&#8243; fullwidth=&#8221;on&#8221; _builder_version=&#8221;3.22.6&#8243;][et_pb_fullwidth_header text_orientation=&#8221;center&#8221; background_overlay_color=&#8221;rgba(0,0,0,0.39)&#8221; _builder_version=&#8221;3.25.2&#8243; title_font=&#8221;||||||||&#8221; title_font_size=&#8221;40px&#8221; background_image=&#8221;http:\/\/www.unitedevents.lt\/wp-content\/uploads\/2019\/05\/bg-apie.jpg&#8221; background_video_mp4=&#8221;http:\/\/www.unitedevents.lt\/wp-content\/uploads\/2019\/04\/United-Events.mp4&#8243; custom_padding=&#8221;||231px|||&#8221;][\/et_pb_fullwidth_header][\/et_pb_section][et_pb_section fb_built=&#8221;1&#8243; _builder_version=&#8221;3.25.1&#8243; background_color=&#8221;#17002b&#8221; parallax=&#8221;on&#8221; parallax_method=&#8221;off&#8221; custom_padding=&#8221;||0px|||&#8221; bottom_divider_color=&#8221;#2e0051&#8243;][et_pb_row column_structure=&#8221;1_2,1_2&#8243; use_custom_gutter=&#8221;on&#8221; gutter_width=&#8221;2&#8243; make_equal=&#8221;on&#8221; _builder_version=&#8221;3.25.1&#8243; module_alignment=&#8221;center&#8221; custom_margin=&#8221;0px||0px||true&#8221; custom_padding=&#8221;28px|||||&#8221;][et_pb_column type=&#8221;1_2&#8243; _builder_version=&#8221;3.25.1&#8243;][et_pb_text _builder_version=&#8221;3.27.4&#8243; text_font=&#8221;||||||||&#8221; text_text_color=&#8221;#ffffff&#8221; custom_padding=&#8221;30px||30px||true&#8221;]<\/p>\n<p style=\"text-align: justify;\">In \u201cUNITED Events\u201d we take care of every single detail of event planning. For each client we offer original scenarios developed with respect to individual preferences, target audiences and goals of the event. Depending on the specifics of each event: company\u2019s brand values, image, special characteristics of the presented products and services, we propose the most suitable event activities, venues, event design elements, performers, hosts, catering, etc. Our clients get only top-level technical support and professional event staff.<\/p>\n<p>[\/et_pb_text][et_pb_button button_url=&#8221;\/en\/verslo-renginiai\/&#8221; button_text=&#8221;read more&#8221; button_alignment=&#8221;center&#8221; _builder_version=&#8221;3.25.2&#8243; background_layout=&#8221;dark&#8221; box_shadow_style=&#8221;preset1&#8243; box_shadow_blur=&#8221;30px&#8221;][\/et_pb_button][\/et_pb_column][et_pb_column type=&#8221;1_2&#8243; _builder_version=&#8221;3.25.1&#8243;][et_pb_image src=&#8221;http:\/\/www.unitedevents.lt\/wp-content\/uploads\/2019\/06\/GetJet-Skrydis-257.jpg&#8221; show_in_lightbox=&#8221;on&#8221; _builder_version=&#8221;3.25.1&#8243; animation_style=&#8221;fade&#8221; border_color_all=&#8221;#000000&#8243; box_shadow_style=&#8221;preset1&#8243; box_shadow_blur=&#8221;80px&#8221; transform_styles__hover_enabled=&#8221;on&#8221; transform_scale__hover_enabled=&#8221;on&#8221; transform_translate__hover_enabled=&#8221;on&#8221; transform_rotate__hover_enabled=&#8221;on&#8221; transform_skew__hover_enabled=&#8221;on&#8221; transform_origin__hover_enabled=&#8221;on&#8221; transform_scale__hover=&#8221;105%|105%&#8221;][\/et_pb_image][\/et_pb_column][\/et_pb_row][et_pb_row column_structure=&#8221;1_2,1_2&#8243; use_custom_gutter=&#8221;on&#8221; gutter_width=&#8221;2&#8243; make_equal=&#8221;on&#8221; disabled_on=&#8221;on|on|off&#8221; _builder_version=&#8221;3.25.1&#8243; module_alignment=&#8221;center&#8221; custom_margin=&#8221;0px||0px||true&#8221; custom_padding=&#8221;87px|||||&#8221;][et_pb_column type=&#8221;1_2&#8243; _builder_version=&#8221;3.25.1&#8243;][et_pb_image src=&#8221;http:\/\/www.unitedevents.lt\/wp-content\/uploads\/2019\/06\/60.jpeg&#8221; show_in_lightbox=&#8221;on&#8221; _builder_version=&#8221;3.25.1&#8243; animation_style=&#8221;fade&#8221; border_color_all=&#8221;#ffffff&#8221; box_shadow_style=&#8221;preset1&#8243; box_shadow_blur=&#8221;80px&#8221; transform_styles__hover_enabled=&#8221;on&#8221; transform_scale__hover_enabled=&#8221;on&#8221; transform_translate__hover_enabled=&#8221;on&#8221; transform_rotate__hover_enabled=&#8221;on&#8221; transform_skew__hover_enabled=&#8221;on&#8221; transform_origin__hover_enabled=&#8221;on&#8221; transform_scale__hover=&#8221;105%|105%&#8221;][\/et_pb_image][\/et_pb_column][et_pb_column type=&#8221;1_2&#8243; _builder_version=&#8221;3.25.1&#8243;][et_pb_text _builder_version=&#8221;3.27.4&#8243; text_font=&#8221;||||||||&#8221; text_text_color=&#8221;#ffffff&#8221; custom_padding=&#8221;30px||30px||true&#8221;]<\/p>\n<p style=\"text-align: justify;\"><span>We prepare and implement large-scale communication plans, copy write and publish press releases on a wide range of topics, cooperate with the country&#8217;s largest advertising channels, coordinate and organize international public events. Our projects include international \u201cVilnius Gospel 2017 Festival\u201d, international lights festival \u201cBeePositive 2017\u201d, social project \u201cLife Garden\u201d (Lith. \u201cGyvyb\u0117s sodas\u201d) implemented together with \u201cThe Crisis Pregnancy Center\u201d and Vilnius city municipality, social project \u201cIt feels good to be a dad\u201d (Lith. \u201cT\u0117\u010diu b\u016bti gera\u201d).<\/span><\/p>\n<p>[\/et_pb_text][et_pb_button button_url=&#8221;\/en\/viesinimo-paslaugos\/&#8221; button_text=&#8221;read more&#8221; button_alignment=&#8221;center&#8221; _builder_version=&#8221;3.25.2&#8243; background_layout=&#8221;dark&#8221; box_shadow_style=&#8221;preset1&#8243; box_shadow_blur=&#8221;30px&#8221;][\/et_pb_button][\/et_pb_column][\/et_pb_row][et_pb_row column_structure=&#8221;1_2,1_2&#8243; use_custom_gutter=&#8221;on&#8221; gutter_width=&#8221;2&#8243; make_equal=&#8221;on&#8221; disabled_on=&#8221;off|off|on&#8221; _builder_version=&#8221;3.25.1&#8243; module_alignment=&#8221;center&#8221; custom_margin=&#8221;0px||0px||true&#8221; custom_padding=&#8221;87px|||||&#8221;][et_pb_column type=&#8221;1_2&#8243; _builder_version=&#8221;3.25.1&#8243;][et_pb_text _builder_version=&#8221;3.27.4&#8243; text_font=&#8221;||||||||&#8221; text_text_color=&#8221;#ffffff&#8221; custom_padding=&#8221;30px||30px||true&#8221;]<\/p>\n<p style=\"text-align: justify;\"><span>We prepare and implement large-scale communication plans, copy write and publish press releases on a wide range of topics, cooperate with the country&#8217;s largest advertising channels, coordinate and organize international public events. Our projects include international \u201cVilnius Gospel 2017 Festival\u201d, international lights festival \u201cBeePositive 2017\u201d, social project \u201cLife Garden\u201d (Lith. \u201cGyvyb\u0117s sodas\u201d) implemented together with \u201cThe Crisis Pregnancy Center\u201d and Vilnius city municipality, social project \u201cIt feels good to be a dad\u201d (Lith. \u201cT\u0117\u010diu b\u016bti gera\u201d).<\/span><\/p>\n<p>[\/et_pb_text][et_pb_button button_url=&#8221;\/en\/viesinimo-paslaugos\/&#8221; button_text=&#8221;read more&#8221; button_alignment=&#8221;center&#8221; _builder_version=&#8221;3.25.2&#8243; background_layout=&#8221;dark&#8221; box_shadow_style=&#8221;preset1&#8243; box_shadow_blur=&#8221;30px&#8221;][\/et_pb_button][\/et_pb_column][et_pb_column type=&#8221;1_2&#8243; _builder_version=&#8221;3.25.1&#8243;][et_pb_image src=&#8221;http:\/\/www.unitedevents.lt\/wp-content\/uploads\/2019\/06\/60.jpeg&#8221; show_in_lightbox=&#8221;on&#8221; _builder_version=&#8221;3.25.1&#8243; animation_style=&#8221;fade&#8221; border_color_all=&#8221;#ffffff&#8221; box_shadow_style=&#8221;preset1&#8243; box_shadow_blur=&#8221;80px&#8221; transform_styles__hover_enabled=&#8221;on&#8221; transform_scale__hover_enabled=&#8221;on&#8221; transform_translate__hover_enabled=&#8221;on&#8221; transform_rotate__hover_enabled=&#8221;on&#8221; transform_skew__hover_enabled=&#8221;on&#8221; transform_origin__hover_enabled=&#8221;on&#8221; transform_scale__hover=&#8221;105%|105%&#8221;][\/et_pb_image][\/et_pb_column][\/et_pb_row][et_pb_row column_structure=&#8221;1_2,1_2&#8243; use_custom_gutter=&#8221;on&#8221; gutter_width=&#8221;2&#8243; make_equal=&#8221;on&#8221; _builder_version=&#8221;3.25.1&#8243; module_alignment=&#8221;center&#8221; custom_margin=&#8221;0px||0px||true&#8221; custom_padding=&#8221;87px|||||&#8221;][et_pb_column type=&#8221;1_2&#8243; _builder_version=&#8221;3.25.1&#8243;][et_pb_text _builder_version=&#8221;3.27.4&#8243; text_font=&#8221;||||||||&#8221; text_text_color=&#8221;#ffffff&#8221; custom_padding=&#8221;30px||30px||true&#8221; link_option_url=&#8221;\/muzikiniai-projektai\/&#8221;]<\/p>\n<p style=\"text-align: justify;\"><span>Successful experience in co-ordinating, promoting large-scale public events, organizing corporate events in Lithuania and abroad, working with a team of professional suppliers enables us to implement any vision of your event at any scale and complexity. We promise not only to meet your expectations, but to surprise you every time by giving you little more than expected!<\/span><\/p>\n<p>[\/et_pb_text][et_pb_button button_url=&#8221;\/en\/muzikiniai-projektai\/&#8221; button_text=&#8221;read more&#8221; button_alignment=&#8221;center&#8221; _builder_version=&#8221;3.25.2&#8243; background_layout=&#8221;dark&#8221; box_shadow_style=&#8221;preset1&#8243; box_shadow_blur=&#8221;30px&#8221;][\/et_pb_button][\/et_pb_column][et_pb_column type=&#8221;1_2&#8243; _builder_version=&#8221;3.25.1&#8243;][et_pb_image src=&#8221;http:\/\/www.unitedevents.lt\/wp-content\/uploads\/2019\/06\/Goodyear-8.png&#8221; show_in_lightbox=&#8221;on&#8221; _builder_version=&#8221;3.25.1&#8243; animation_style=&#8221;fade&#8221; border_color_all=&#8221;#ffffff&#8221; box_shadow_style=&#8221;preset1&#8243; box_shadow_blur=&#8221;80px&#8221; transform_styles__hover_enabled=&#8221;on&#8221; transform_scale__hover_enabled=&#8221;on&#8221; transform_translate__hover_enabled=&#8221;on&#8221; transform_rotate__hover_enabled=&#8221;on&#8221; transform_skew__hover_enabled=&#8221;on&#8221; transform_origin__hover_enabled=&#8221;on&#8221; transform_scale__hover=&#8221;105%|105%&#8221;][\/et_pb_image][\/et_pb_column][\/et_pb_row][et_pb_row _builder_version=&#8221;3.25.1&#8243; custom_margin=&#8221;48px|auto||auto||&#8221;][et_pb_column type=&#8221;4_4&#8243; _builder_version=&#8221;3.25.1&#8243;][et_pb_text _builder_version=&#8221;3.27.4&#8243; text_font=&#8221;||||||||&#8221; text_text_color=&#8221;#ffffff&#8221; header_font=&#8221;||||||||&#8221; header_text_color=&#8221;#ffffff&#8221; custom_padding=&#8221;||60px|||&#8221;]<\/p>\n<h1 style=\"text-align: center;\"><em>UNITED EVENTS \u2013 ENJOY BEST MOMENTS TOGETHER!<\/em><\/h1>\n<p>[\/et_pb_text][\/et_pb_column][\/et_pb_row][\/et_pb_section][et_pb_section fb_built=&#8221;1&#8243; module_id=&#8221;kontaktai&#8221; _builder_version=&#8221;4.3.3&#8243; background_image=&#8221;https:\/\/unitedevents.lt\/en\/wp-content\/uploads\/2020\/04\/BG-FOOTER-1.jpg&#8221;][et_pb_row _builder_version=&#8221;3.25&#8243;][et_pb_column type=&#8221;4_4&#8243; module_id=&#8221;kontaktai&#8221; _builder_version=&#8221;3.25&#8243; custom_padding=&#8221;|||&#8221; custom_padding__hover=&#8221;|||&#8221;][et_pb_image src=&#8221;https:\/\/unitedevents.lt\/en\/wp-content\/uploads\/2019\/04\/logo-white.png&#8221; align=&#8221;center&#8221; _builder_version=&#8221;4.3.3&#8243; custom_css_main_element=&#8221;width:150px;&#8221; custom_css_main_element_last_edited=&#8221;on|phone&#8221; custom_css_main_element_phone=&#8221;width:140px;||padding-top:80px;&#8221;][\/et_pb_image][\/et_pb_column][\/et_pb_row][et_pb_row _builder_version=&#8221;4.3.3&#8243; width=&#8221;50%&#8221; width_tablet=&#8221;&#8221; width_phone=&#8221;80%&#8221; width_last_edited=&#8221;on|phone&#8221; animation_style=&#8221;slide&#8221; animation_duration=&#8221;1500ms&#8221; animation_delay=&#8221;500ms&#8221;][et_pb_column type=&#8221;4_4&#8243; _builder_version=&#8221;3.25&#8243; custom_padding=&#8221;|||&#8221; custom_padding__hover=&#8221;|||&#8221;][et_pb_contact_form success_message=&#8221;Thank you, we will contact you!&#8221; submit_button_text=&#8221;send&#8221; _builder_version=&#8221;4.4.5&#8243; form_field_background_color=&#8221;#ffffff&#8221; form_field_text_color=&#8221;#5e5e5e&#8221; form_field_font=&#8221;||||||||&#8221; custom_button=&#8221;on&#8221; button_text_color=&#8221;#000000&#8243; button_bg_color=&#8221;#ffffff&#8221; button_font=&#8221;||||||||&#8221; hover_enabled=&#8221;0&#8243; custom_css_captcha_label=&#8221;color:#ffffff;&#8221; border_radii=&#8221;on|5px|5px|5px|5px&#8221; form_background_color=&#8221;#ffffff&#8221; email=&#8221;info@unitedevents.lt&#8221;][et_pb_contact_field field_id=&#8221;Name&#8221; field_title=&#8221;Name&#8221; _builder_version=&#8221;4.3.3&#8243; button_text_size__hover_enabled=&#8221;off&#8221; button_one_text_size__hover_enabled=&#8221;off&#8221; button_two_text_size__hover_enabled=&#8221;off&#8221; button_text_color__hover_enabled=&#8221;off&#8221; button_one_text_color__hover_enabled=&#8221;off&#8221; button_two_text_color__hover_enabled=&#8221;off&#8221; button_border_width__hover_enabled=&#8221;off&#8221; button_one_border_width__hover_enabled=&#8221;off&#8221; button_two_border_width__hover_enabled=&#8221;off&#8221; button_border_color__hover_enabled=&#8221;off&#8221; button_one_border_color__hover_enabled=&#8221;off&#8221; button_two_border_color__hover_enabled=&#8221;off&#8221; button_border_radius__hover_enabled=&#8221;off&#8221; button_one_border_radius__hover_enabled=&#8221;off&#8221; button_two_border_radius__hover_enabled=&#8221;off&#8221; button_letter_spacing__hover_enabled=&#8221;off&#8221; button_one_letter_spacing__hover_enabled=&#8221;off&#8221; button_two_letter_spacing__hover_enabled=&#8221;off&#8221; button_bg_color__hover_enabled=&#8221;off&#8221; button_one_bg_color__hover_enabled=&#8221;off&#8221; button_two_bg_color__hover_enabled=&#8221;off&#8221;][\/et_pb_contact_field][et_pb_contact_field field_id=&#8221;Email&#8221; field_title=&#8221;Email&#8221; field_type=&#8221;email&#8221; _builder_version=&#8221;4.3.3&#8243; button_text_size__hover_enabled=&#8221;off&#8221; button_one_text_size__hover_enabled=&#8221;off&#8221; button_two_text_size__hover_enabled=&#8221;off&#8221; button_text_color__hover_enabled=&#8221;off&#8221; button_one_text_color__hover_enabled=&#8221;off&#8221; button_two_text_color__hover_enabled=&#8221;off&#8221; button_border_width__hover_enabled=&#8221;off&#8221; button_one_border_width__hover_enabled=&#8221;off&#8221; button_two_border_width__hover_enabled=&#8221;off&#8221; button_border_color__hover_enabled=&#8221;off&#8221; button_one_border_color__hover_enabled=&#8221;off&#8221; button_two_border_color__hover_enabled=&#8221;off&#8221; button_border_radius__hover_enabled=&#8221;off&#8221; button_one_border_radius__hover_enabled=&#8221;off&#8221; button_two_border_radius__hover_enabled=&#8221;off&#8221; button_letter_spacing__hover_enabled=&#8221;off&#8221; button_one_letter_spacing__hover_enabled=&#8221;off&#8221; button_two_letter_spacing__hover_enabled=&#8221;off&#8221; button_bg_color__hover_enabled=&#8221;off&#8221; button_one_bg_color__hover_enabled=&#8221;off&#8221; button_two_bg_color__hover_enabled=&#8221;off&#8221;][\/et_pb_contact_field][et_pb_contact_field field_id=&#8221;Phone&#8221; field_title=&#8221;Phone&#8221; _builder_version=&#8221;4.3.3&#8243; button_text_size__hover_enabled=&#8221;off&#8221; button_one_text_size__hover_enabled=&#8221;off&#8221; button_two_text_size__hover_enabled=&#8221;off&#8221; button_text_color__hover_enabled=&#8221;off&#8221; button_one_text_color__hover_enabled=&#8221;off&#8221; button_two_text_color__hover_enabled=&#8221;off&#8221; button_border_width__hover_enabled=&#8221;off&#8221; button_one_border_width__hover_enabled=&#8221;off&#8221; button_two_border_width__hover_enabled=&#8221;off&#8221; button_border_color__hover_enabled=&#8221;off&#8221; button_one_border_color__hover_enabled=&#8221;off&#8221; button_two_border_color__hover_enabled=&#8221;off&#8221; button_border_radius__hover_enabled=&#8221;off&#8221; button_one_border_radius__hover_enabled=&#8221;off&#8221; button_two_border_radius__hover_enabled=&#8221;off&#8221; button_letter_spacing__hover_enabled=&#8221;off&#8221; button_one_letter_spacing__hover_enabled=&#8221;off&#8221; button_two_letter_spacing__hover_enabled=&#8221;off&#8221; button_bg_color__hover_enabled=&#8221;off&#8221; button_one_bg_color__hover_enabled=&#8221;off&#8221; button_two_bg_color__hover_enabled=&#8221;off&#8221;][\/et_pb_contact_field][et_pb_contact_field field_id=&#8221;Paslauga&#8221; field_title=&#8221;&#8212;&#8211;&#8221; field_type=&#8221;select&#8221; select_options=&#8221;%91{%22value%22:%22Corporate events%22,%22checked%22:0,%22dragID%22:-1},{%22value%22:%22Music project%22,%22checked%22:0,%22dragID%22:0},{%22value%22:%22Publicity services%22,%22checked%22:0,%22dragID%22:1},{%22value%22:%22Other%22,%22checked%22:0,%22dragID%22:2}%93&#8243; _builder_version=&#8221;4.3.3&#8243; button_text_size__hover_enabled=&#8221;off&#8221; button_one_text_size__hover_enabled=&#8221;off&#8221; button_two_text_size__hover_enabled=&#8221;off&#8221; button_text_color__hover_enabled=&#8221;off&#8221; button_one_text_color__hover_enabled=&#8221;off&#8221; button_two_text_color__hover_enabled=&#8221;off&#8221; button_border_width__hover_enabled=&#8221;off&#8221; button_one_border_width__hover_enabled=&#8221;off&#8221; button_two_border_width__hover_enabled=&#8221;off&#8221; button_border_color__hover_enabled=&#8221;off&#8221; button_one_border_color__hover_enabled=&#8221;off&#8221; button_two_border_color__hover_enabled=&#8221;off&#8221; button_border_radius__hover_enabled=&#8221;off&#8221; button_one_border_radius__hover_enabled=&#8221;off&#8221; button_two_border_radius__hover_enabled=&#8221;off&#8221; button_letter_spacing__hover_enabled=&#8221;off&#8221; button_one_letter_spacing__hover_enabled=&#8221;off&#8221; button_two_letter_spacing__hover_enabled=&#8221;off&#8221; button_bg_color__hover_enabled=&#8221;off&#8221; button_one_bg_color__hover_enabled=&#8221;off&#8221; button_two_bg_color__hover_enabled=&#8221;off&#8221;][\/et_pb_contact_field][et_pb_contact_field field_id=&#8221;Message&#8221; field_title=&#8221;Message&#8221; field_type=&#8221;text&#8221; fullwidth_field=&#8221;on&#8221; _builder_version=&#8221;4.3.3&#8243; button_text_size__hover_enabled=&#8221;off&#8221; button_one_text_size__hover_enabled=&#8221;off&#8221; button_two_text_size__hover_enabled=&#8221;off&#8221; button_text_color__hover_enabled=&#8221;off&#8221; button_one_text_color__hover_enabled=&#8221;off&#8221; button_two_text_color__hover_enabled=&#8221;off&#8221; button_border_width__hover_enabled=&#8221;off&#8221; button_one_border_width__hover_enabled=&#8221;off&#8221; button_two_border_width__hover_enabled=&#8221;off&#8221; button_border_color__hover_enabled=&#8221;off&#8221; button_one_border_color__hover_enabled=&#8221;off&#8221; button_two_border_color__hover_enabled=&#8221;off&#8221; button_border_radius__hover_enabled=&#8221;off&#8221; button_one_border_radius__hover_enabled=&#8221;off&#8221; button_two_border_radius__hover_enabled=&#8221;off&#8221; button_letter_spacing__hover_enabled=&#8221;off&#8221; button_one_letter_spacing__hover_enabled=&#8221;off&#8221; button_two_letter_spacing__hover_enabled=&#8221;off&#8221; button_bg_color__hover_enabled=&#8221;off&#8221; button_one_bg_color__hover_enabled=&#8221;off&#8221; button_two_bg_color__hover_enabled=&#8221;off&#8221;][\/et_pb_contact_field][\/et_pb_contact_form][\/et_pb_column][\/et_pb_row][\/et_pb_section][et_pb_section fb_built=&#8221;1&#8243; _builder_version=&#8221;4.3.3&#8243; background_image=&#8221;https:\/\/unitedevents.lt\/en\/wp-content\/uploads\/2019\/04\/bg-original.png&#8221; custom_padding=&#8221;40px||40px|||&#8221;][et_pb_row column_structure=&#8221;1_2,1_2&#8243; _builder_version=&#8221;4.3.3&#8243; width=&#8221;50%&#8221; width_tablet=&#8221;&#8221; width_phone=&#8221;80%&#8221; width_last_edited=&#8221;on|phone&#8221; animation_style=&#8221;slide&#8221; animation_duration=&#8221;1500ms&#8221; animation_delay=&#8221;500ms&#8221;][et_pb_column type=&#8221;1_2&#8243; _builder_version=&#8221;3.25&#8243; custom_padding=&#8221;|||&#8221; custom_padding__hover=&#8221;|||&#8221;][dsm_icon_list list_space_between=&#8221;15px&#8221; text_indent=&#8221;20px&#8221; _builder_version=&#8221;4.3.3&#8243; text_font_size=&#8221;16px&#8221;][dsm_icon_list_child text=&#8221;+370 629 40243&#8243; font_icon=&#8221;%%104%%&#8221; icon_font_size=&#8221;22px&#8221; _builder_version=&#8221;4.3.3&#8243;][\/dsm_icon_list_child][dsm_icon_list_child text=&#8221;info@unitedevents.lt&#8221; font_icon=&#8221;%%109%%&#8221; icon_font_size=&#8221;22px&#8221; _builder_version=&#8221;4.3.3&#8243;][\/dsm_icon_list_child][\/dsm_icon_list][et_pb_social_media_follow _builder_version=&#8221;4.3.3&#8243; text_orientation=&#8221;left&#8221; custom_padding=&#8221;|40px|||false|false&#8221;][et_pb_social_media_follow_network social_network=&#8221;instagram&#8221; url=&#8221;https:\/\/www.instagram.com\/united_events\/&#8221; _builder_version=&#8221;3.22.6&#8243; background_color=&#8221;#ea2c59&#8243; follow_button=&#8221;off&#8221; url_new_window=&#8221;on&#8221;]instagram[\/et_pb_social_media_follow_network][et_pb_social_media_follow_network social_network=&#8221;facebook&#8221; url=&#8221;https:\/\/www.facebook.com\/unitedeventsvilnius&#8221; _builder_version=&#8221;3.22.6&#8243; background_color=&#8221;#3b5998&#8243; follow_button=&#8221;off&#8221; url_new_window=&#8221;on&#8221;]facebook[\/et_pb_social_media_follow_network][et_pb_social_media_follow_network social_network=&#8221;youtube&#8221; url=&#8221;https:\/\/www.youtube.com\/channel\/UCzGFAsvrzEXAppBmAB42K5w?view_as=subscriber&#8221; _builder_version=&#8221;3.22.6&#8243; background_color=&#8221;#a82400&#8243; follow_button=&#8221;off&#8221; url_new_window=&#8221;on&#8221;]youtube[\/et_pb_social_media_follow_network][et_pb_social_media_follow_network social_network=&#8221;linkedin&#8221; url=&#8221;https:\/\/www.linkedin.com\/company\/united-events-vilnius\/&#8221; _builder_version=&#8221;3.22.6&#8243; background_color=&#8221;#007bb6&#8243; follow_button=&#8221;off&#8221; url_new_window=&#8221;on&#8221;]linkedin[\/et_pb_social_media_follow_network][\/et_pb_social_media_follow][\/et_pb_column][et_pb_column type=&#8221;1_2&#8243; _builder_version=&#8221;3.25&#8243; custom_padding=&#8221;|||&#8221; custom_padding__hover=&#8221;|||&#8221;][et_pb_text _builder_version=&#8221;4.3.3&#8243;]Company details<br \/>\nMB \u201ePramog\u0173 pasaulis\u201c<br \/>\nAddress: Vokie\u010di\u0173 str. 1-16, LT-01130 Vilnius, Lithuania<br \/>\nRegistration code: 304600141<br \/>\nVAT number:  LT100011815416<br \/>\nAB SEB bank, bank code: 70440<br \/>\nIBAN LT517044060008251164   [\/et_pb_text][\/et_pb_column][\/et_pb_row][\/et_pb_section]<\/p>\n","protected":false},"excerpt":{"rendered":"<p>[et_pb_section fb_built=&#8221;1&#8243; fullwidth=&#8221;on&#8221; _builder_version=&#8221;3.22.6&#8243;][et_pb_fullwidth_header text_orientation=&#8221;center&#8221; background_overlay_color=&#8221;rgba(0,0,0,0.39)&#8221; _builder_version=&#8221;3.25.2&#8243; title_font=&#8221;||||||||&#8221; title_font_size=&#8221;40px&#8221; background_image=&#8221;http:\/\/www.unitedevents.lt\/wp-content\/uploads\/2019\/05\/bg-apie.jpg&#8221; background_video_mp4=&#8221;http:\/\/www.unitedevents.lt\/wp-content\/uploads\/2019\/04\/United-Events.mp4&#8243; custom_padding=&#8221;||231px|||&#8221;][\/et_pb_fullwidth_header][\/et_pb_section][et_pb_section fb_built=&#8221;1&#8243; _builder_version=&#8221;3.25.1&#8243; background_color=&#8221;#17002b&#8221; parallax=&#8221;on&#8221; parallax_method=&#8221;off&#8221; custom_padding=&#8221;||0px|||&#8221; bottom_divider_color=&#8221;#2e0051&#8243;][et_pb_row column_structure=&#8221;1_2,1_2&#8243; use_custom_gutter=&#8221;on&#8221; gutter_width=&#8221;2&#8243; make_equal=&#8221;on&#8221; _builder_version=&#8221;3.25.1&#8243; module_alignment=&#8221;center&#8221; custom_margin=&#8221;0px||0px||true&#8221; custom_padding=&#8221;28px|||||&#8221;][et_pb_column type=&#8221;1_2&#8243; _builder_version=&#8221;3.25.1&#8243;][et_pb_text _builder_version=&#8221;3.27.4&#8243; text_font=&#8221;||||||||&#8221; text_text_color=&#8221;#ffffff&#8221; custom_padding=&#8221;30px||30px||true&#8221;] In \u201cUNITED Events\u201d we take care of every single detail of event planning. For each client we offer original scenarios developed with [&hellip;]<\/p>\n","protected":false},"author":1,"featured_media":0,"parent":0,"menu_order":0,"comment_status":"closed","ping_status":"closed","template":"","meta":{"_et_pb_use_builder":"on","_et_pb_old_content":"","_et_gb_content_width":""},"_links":{"self":[{"href":"https:\/\/unitedevents.lt\/en\/wp-json\/wp\/v2\/pages\/2075"}],"collection":[{"href":"https:\/\/unitedevents.lt\/en\/wp-json\/wp\/v2\/pages"}],"about":[{"href":"https:\/\/unitedevents.lt\/en\/wp-json\/wp\/v2\/types\/page"}],"author":[{"embeddable":true,"href":"https:\/\/unitedevents.lt\/en\/wp-json\/wp\/v2\/users\/1"}],"replies":[{"embeddable":true,"href":"https:\/\/unitedevents.lt\/en\/wp-json\/wp\/v2\/comments?post=2075"}],"version-history":[{"count":8,"href":"https:\/\/unitedevents.lt\/en\/wp-json\/wp\/v2\/pages\/2075\/revisions"}],"predecessor-version":[{"id":3210,"href":"https:\/\/unitedevents.lt\/en\/wp-json\/wp\/v2\/pages\/2075\/revisions\/3210"}],"wp:attachment":[{"href":"https:\/\/unitedevents.lt\/en\/wp-json\/wp\/v2\/media?parent=2075"}],"curies":[{"name":"wp","href":"https:\/\/api.w.org\/{rel}","templated":true}]}}